{"id":72,"date":"2021-05-27T13:27:01","date_gmt":"2021-05-27T13:27:01","guid":{"rendered":"https:\/\/s-cubic.de\/?page_id=72"},"modified":"2021-05-27T13:27:01","modified_gmt":"2021-05-27T13:27:01","slug":"impressum","status":"publish","type":"page","link":"https:\/\/s-cubic.com\/?page_id=72","title":{"rendered":"Impressum"},"content":{"rendered":"\n<p><strong>S-cubic GmbH<\/strong><br>Krebsbachstra\u00dfe 12<br>51429 Bergisch Gladbach<br><br>Ust-Id.Nr.: DE280688329<br>HRB 74208 Amtsgericht K\u00f6ln<\/p>\n\n\n\n<p>Gesch\u00e4ftsf\u00fchrer:<br>Thomas Schunk<br>Krebsbachstra\u00dfe 12<br>51429 Bergisch Gladbach<\/p>\n\n\n\n<p>Trotz sorgf\u00e4ltiger inhaltlicher Kontrolle \u00fcbernehmen wir keine Haftung f\u00fcr die Inhalte.  F\u00fcr den Inhalt der verlinkten Seiten sind ausschlie\u00dflich deren Betreiber verantwortlich.<br><br><strong>Rechte<\/strong>: <br>Die hier ver\u00f6ffentlichten Daten sind urheberrechtlich gesch\u00fctzt.<br>Es wird keine Haftung f\u00fcr Fehler im Text und fehlerhafte Verlinkungen \u00fcbernommen. Anzeigen auf fremden Internetsites sowie Reproduktion ist ohne schriftliche Genehmigung der Rechteinhaber untersagt.<br><br><br> Urheberrechte: \u00a9 2021 <a href=\"http:\/\/www.s-cubic.de\">S-cubic GmbH<\/a> <\/p>\n\n\n\n<h3 class=\"wp-block-heading\">Kontaktformular<\/h3>\n\n\n\n<p>Wenn Sie uns per Kontaktformular Anfragen zukommen lassen, werden Ihre Angaben aus dem Anfrageformular inklusive der von Ihnen dort angegebenen Kontaktdaten zwecks Bearbeitung der Anfrage und f\u00fcr den Fall von Anschlussfragen bei uns gespeichert. Diese Daten geben wir nicht ohne Ihre Einwilligung weiter.<br> <br>Herausgeber und inhaltlich Verantwortlicher gem\u00e4\u00df \u00a7 10 Absatz 3 MDStV: S-cubic GmbH<br> <br>Die enthaltenen Angaben wurden von S-cubic GmbH sorgf\u00e4ltig recherchiert und gepr\u00fcft. Sie unterliegen einer st\u00e4ndigen Kontrolle und werden laufend aktualisiert. Jedoch kann f\u00fcr Richtigkeit, Vollst\u00e4ndigkeit und Aktualit\u00e4t der enthaltenen Informationen keine Garantie oder Haftung \u00fcbernommen werden.<br> <br>S-cubic GmbH versichert, dass die von ihm gemachten Angaben entsprechend der datenrechtlichen Bestimmungen vertraulich behandelt werden.<br> <br>Der Internet-Auftritt von S-cubic GmbH enth\u00e4lt Verkn\u00fcpfungen zu Webseiten anderer Unternehmen, die von Dritten gepflegt werden und deren Inhalte ihm nicht bekannt sind. S-cubic GmbH vermittelt lediglich den Zugang zu diesen Webseiten und \u00fcbernimmt keinerlei Verantwortung oder Haftung f\u00fcr deren Inhalte.<br> <\/p>\n","protected":false},"excerpt":{"rendered":"<p>S-cubic GmbHKrebsbachstra\u00dfe 1251429 Bergisch Gladbach Ust-Id.Nr.: DE280688329HRB 74208 Amtsgericht K\u00f6ln Gesch\u00e4ftsf\u00fchrer:Thomas SchunkKrebsbachstra\u00dfe 1251429 Bergisch Gladbach Trotz sorgf\u00e4ltiger inhaltlicher Kontrolle \u00fcbernehmen wir keine Haftung f\u00fcr die Inhalte. F\u00fcr den Inhalt der verlinkten Seiten sind ausschlie\u00dflich deren Betreiber verantwortlich. Rechte: Die hier ver\u00f6ffentlichten Daten sind urheberrechtlich gesch\u00fctzt.Es wird keine Haftung f\u00fcr Fehler im Text und fehlerhafte Verlinkungen<br \/><a class=\"btn btn-theme post-btn\" href=\"https:\/\/s-cubic.com\/?page_id=72\">Weiterlesen<\/a><\/p>\n","protected":false},"author":1,"featured_media":0,"parent":0,"menu_order":0,"comment_status":"closed","ping_status":"closed","template":"","meta":{"footnotes":""},"class_list":["post-72","page","type-page","status-publish","hentry"],"_links":{"self":[{"href":"https:\/\/s-cubic.com\/index.php?rest_route=\/wp\/v2\/pages\/72","targetHints":{"allow":["GET"]}}],"collection":[{"href":"https:\/\/s-cubic.com\/index.php?rest_route=\/wp\/v2\/pages"}],"about":[{"href":"https:\/\/s-cubic.com\/index.php?rest_route=\/wp\/v2\/types\/page"}],"author":[{"embeddable":true,"href":"https:\/\/s-cubic.com\/index.php?rest_route=\/wp\/v2\/users\/1"}],"replies":[{"embeddable":true,"href":"https:\/\/s-cubic.com\/index.php?rest_route=%2Fwp%2Fv2%2Fcomments&post=72"}],"version-history":[{"count":1,"href":"https:\/\/s-cubic.com\/index.php?rest_route=\/wp\/v2\/pages\/72\/revisions"}],"predecessor-version":[{"id":73,"href":"https:\/\/s-cubic.com\/index.php?rest_route=\/wp\/v2\/pages\/72\/revisions\/73"}],"wp:attachment":[{"href":"https:\/\/s-cubic.com\/index.php?rest_route=%2Fwp%2Fv2%2Fmedia&parent=72"}],"curies":[{"name":"wp","href":"https:\/\/api.w.org\/{rel}","templated":true}]}}