{"id":5942,"date":"2024-09-29T17:41:38","date_gmt":"2024-09-29T17:41:38","guid":{"rendered":"https:\/\/s-cubic.com\/?page_id=5942"},"modified":"2024-09-29T18:03:10","modified_gmt":"2024-09-29T18:03:10","slug":"vision","status":"publish","type":"page","link":"https:\/\/s-cubic.com\/?page_id=5942","title":{"rendered":"VISION"},"content":{"rendered":"\n<h2 class=\"wp-block-heading\">VisQSys VisionQualitySystem<\/h2>\n\n\n\n<ul class=\"wp-block-list\">\n<li>Entnahme Bauteile aus Rack (incl. 3D &#8211; Korrektur)<\/li>\n\n\n\n<li>Ermittlung korrekter Positionen von eingebauten Bauteilen (von Hand aufgeklebte Bauteile)<\/li>\n\n\n\n<li>\u00dcberpr\u00fcfung:\n<ul class=\"wp-block-list\">\n<li>Racks, Position der S\u00e4ulen und Abst\u00e4nde<\/li>\n\n\n\n<li>Klebn\u00e4hte nach Klebevorgang<\/li>\n\n\n\n<li>Kleben\u00e4hte w\u00e4hrend der Applikation<\/li>\n\n\n\n<li>Greifer, Klebed\u00fcsen, Schwei\u00dfzangen, Sauger usw. auf korrekte Position<\/li>\n<\/ul>\n<\/li>\n<\/ul>\n\n\n\n<p>Das System kann durch Laser und\/oder Kameras und Licht (firmenunabh\u00e4ngig) verwirklicht werden. Die Intensit\u00e4t des Lichtes kann zur Laufzeit ge\u00e4ndert werden. Unsere firmeneigene Software kann auf eigenen Windows &#8211; und Linux basierenden PC\u00b4s laufen.<\/p>\n\n\n\n<p><img loading=\"lazy\" decoding=\"async\" width=\"600\" height=\"237\" class=\"wp-image-5945\" style=\"width: 600px;\" src=\"https:\/\/s-cubic.com\/wp-content\/uploads\/2024\/09\/LOGO.png\" alt=\"\" srcset=\"https:\/\/s-cubic.com\/wp-content\/uploads\/2024\/09\/LOGO.png 886w, https:\/\/s-cubic.com\/wp-content\/uploads\/2024\/09\/LOGO-300x119.png 300w, https:\/\/s-cubic.com\/wp-content\/uploads\/2024\/09\/LOGO-768x303.png 768w\" sizes=\"auto, (max-width: 600px) 100vw, 600px\" \/><\/p>\n\n\n\n<ul class=\"wp-block-list\">\n<li>Kleben : statisch und online  &#8211; bildliche Darstellung<\/li>\n\n\n\n<li>Messen: 3D &#8211; Ansicht bei \u00dcberpr\u00fcfung von Greifern, TCP usw.<\/li>\n\n\n\n<li>Entnahme Bauteile aus Rack (incl. 3D &#8211; Korrektur)<\/li>\n\n\n\n<li>Ermittlung korrekter Positionen von eingebauten Bauteilen (von Hand aufgeklebte Bauteile)<\/li>\n\n\n\n<li>\u00dcberpr\u00fcfung:\n<ul class=\"wp-block-list\">\n<li>Racks, Position der S\u00e4ulen und Abst\u00e4nde<\/li>\n\n\n\n<li>Klebn\u00e4hte nach Klebevorgang<\/li>\n\n\n\n<li>Kleben\u00e4hte w\u00e4hrend der Applikation<\/li>\n\n\n\n<li>Greifer, Klebed\u00fcsen, Schwei\u00dfzangen, Sauger usw. auf korrekte Position<\/li>\n<\/ul>\n<\/li>\n<\/ul>\n\n\n\n<p><\/p>\n","protected":false},"excerpt":{"rendered":"<p>VisQSys VisionQualitySystem Das System kann durch Laser und\/oder Kameras und Licht (firmenunabh\u00e4ngig) verwirklicht werden. Die Intensit\u00e4t des Lichtes kann zur Laufzeit ge\u00e4ndert werden. Unsere firmeneigene Software kann auf eigenen Windows &#8211; und Linux basierenden PC\u00b4s laufen.<\/p>\n","protected":false},"author":1,"featured_media":0,"parent":0,"menu_order":0,"comment_status":"closed","ping_status":"closed","template":"","meta":{"footnotes":""},"class_list":["post-5942","page","type-page","status-publish","hentry"],"_links":{"self":[{"href":"https:\/\/s-cubic.com\/index.php?rest_route=\/wp\/v2\/pages\/5942","targetHints":{"allow":["GET"]}}],"collection":[{"href":"https:\/\/s-cubic.com\/index.php?rest_route=\/wp\/v2\/pages"}],"about":[{"href":"https:\/\/s-cubic.com\/index.php?rest_route=\/wp\/v2\/types\/page"}],"author":[{"embeddable":true,"href":"https:\/\/s-cubic.com\/index.php?rest_route=\/wp\/v2\/users\/1"}],"replies":[{"embeddable":true,"href":"https:\/\/s-cubic.com\/index.php?rest_route=%2Fwp%2Fv2%2Fcomments&post=5942"}],"version-history":[{"count":4,"href":"https:\/\/s-cubic.com\/index.php?rest_route=\/wp\/v2\/pages\/5942\/revisions"}],"predecessor-version":[{"id":5958,"href":"https:\/\/s-cubic.com\/index.php?rest_route=\/wp\/v2\/pages\/5942\/revisions\/5958"}],"wp:attachment":[{"href":"https:\/\/s-cubic.com\/index.php?rest_route=%2Fwp%2Fv2%2Fmedia&parent=5942"}],"curies":[{"name":"wp","href":"https:\/\/api.w.org\/{rel}","templated":true}]}}