{"id":18,"date":"2021-05-26T15:10:44","date_gmt":"2021-05-26T15:10:44","guid":{"rendered":"https:\/\/s-cubic.de\/?page_id=18"},"modified":"2024-09-29T17:44:34","modified_gmt":"2024-09-29T17:44:34","slug":"home","status":"publish","type":"page","link":"https:\/\/s-cubic.com\/","title":{"rendered":"Home"},"content":{"rendered":"\n<h2 class=\"wp-block-heading alignwide has-text-align-center\">Herzlich Willkommen in der Welt von S-cubic<\/h2>\n\n\n\n<p class=\"has-text-align-center\">Auf den folgenden Seiten finden Sie unsere Innovationen und Programmierungen rund um den Industrieroboter.<\/p>\n\n\n<div class=\"wp-block-image\">\n<figure class=\"aligncenter size-large\"><a href=\"https:\/\/s-cubic.com\/?page_id=113\"><img loading=\"lazy\" decoding=\"async\" width=\"233\" height=\"228\" src=\"https:\/\/s-cubic.com\/wp-content\/uploads\/2021\/05\/RobotProg.png\" alt=\"\" class=\"wp-image-133\"\/><\/a><\/figure>\n<\/div>\n\n\n<h3 class=\"wp-block-heading has-text-align-center\">Roboter Programmierung<\/h3>\n\n\n\n<ul class=\"wp-block-list\">\n<li>Online Programmierung aller g\u00e4ngigen Marken KUKA\u00a9, Fanuc\u00a9, Comau\u00a9 und ABB\u00a9 <\/li>\n\n\n\n<li>Taktzeit Optimierungen <\/li>\n\n\n\n<li>Sicherheit Konfiguration Programmierung <\/li>\n\n\n\n<li>Erstellen von Funktionspakete<\/li>\n<\/ul>\n\n\n<div class=\"wp-block-image\">\n<figure class=\"aligncenter size-large\"><a href=\"https:\/\/s-cubic.com\/?page_id=5942\"><img loading=\"lazy\" decoding=\"async\" width=\"238\" height=\"228\" src=\"https:\/\/s-cubic.com\/wp-content\/uploads\/2021\/05\/Innovationen.png\" alt=\"\" class=\"wp-image-132\"\/><\/a><\/figure>\n<\/div>\n\n\n<h3 class=\"wp-block-heading has-text-align-center\">Innovationen<\/h3>\n\n\n\n<ul class=\"wp-block-list\">\n<li>Bauteil Erkennung in einem Container<\/li>\n\n\n\n<li>Qualit\u00e4ts\u00fcberpr\u00fcfung, ob ein Objekt sich verstellt hat, z.B. Stift an einem Greifer, Schwei\u00dfzange oder Schrauber.<\/li>\n\n\n\n<li>\u00dcberpr\u00fcfung von Container, ob die S\u00e4ulen bzw. Grobeinweiser sich verstellt haben.<\/li>\n\n\n\n<li>Naht Kontrolle, \u00dcberpr\u00fcfung von Kleben\u00e4hten auf Unterbrechung, maximale und minimale Breite, Qualit\u00e4t und L\u00e4nge.<\/li>\n\n\n\n<li>TrackFrame, Berechnung von Stationen in einer Roboterzelle bezogen auf ein Laser System<\/li>\n<\/ul>\n\n\n<div class=\"wp-block-image\">\n<figure class=\"aligncenter size-large\"><a href=\"https:\/\/s-cubic.com\/?page_id=136\"><img loading=\"lazy\" decoding=\"async\" width=\"257\" height=\"233\" src=\"https:\/\/s-cubic.com\/wp-content\/uploads\/2021\/05\/Dienstleistung.png\" alt=\"\" class=\"wp-image-126\"\/><\/a><\/figure>\n<\/div>\n\n\n<h3 class=\"wp-block-heading has-text-align-center\">Dienstleistungen<\/h3>\n\n\n\n<ul class=\"wp-block-list\">\n<li>Online Programmierung aller g\u00e4ngigen Marken KUKA\u00a9, Fanuc\u00a9, Comau\u00a9 und ABB\u00a9<\/li>\n\n\n\n<li>Berechnungen von Roboter Programmen (Base oder Tool ersetzen, Achswinkel neu berechnen usw.)<\/li>\n\n\n\n<li>\u00dcberpr\u00fcfung der Erreichbarkeit von Roboter Programmen<\/li>\n\n\n\n<li>\u00dcberpr\u00fcfung und Optimierung der Sicherheitskonfiguration der Marken KUKA\u00a9 und ABB\u00a9<\/li>\n\n\n\n<li>Erstellen von individual Software<\/li>\n<\/ul>\n\n\n\n<p><\/p>\n","protected":false},"excerpt":{"rendered":"<p>Herzlich Willkommen in der Welt von S-cubic Auf den folgenden Seiten finden Sie unsere Innovationen und Programmierungen rund um den Industrieroboter. Roboter Programmierung Innovationen Dienstleistungen<\/p>\n","protected":false},"author":1,"featured_media":0,"parent":0,"menu_order":0,"comment_status":"closed","ping_status":"closed","template":"","meta":{"footnotes":""},"class_list":["post-18","page","type-page","status-publish","hentry"],"_links":{"self":[{"href":"https:\/\/s-cubic.com\/index.php?rest_route=\/wp\/v2\/pages\/18","targetHints":{"allow":["GET"]}}],"collection":[{"href":"https:\/\/s-cubic.com\/index.php?rest_route=\/wp\/v2\/pages"}],"about":[{"href":"https:\/\/s-cubic.com\/index.php?rest_route=\/wp\/v2\/types\/page"}],"author":[{"embeddable":true,"href":"https:\/\/s-cubic.com\/index.php?rest_route=\/wp\/v2\/users\/1"}],"replies":[{"embeddable":true,"href":"https:\/\/s-cubic.com\/index.php?rest_route=%2Fwp%2Fv2%2Fcomments&post=18"}],"version-history":[{"count":22,"href":"https:\/\/s-cubic.com\/index.php?rest_route=\/wp\/v2\/pages\/18\/revisions"}],"predecessor-version":[{"id":5952,"href":"https:\/\/s-cubic.com\/index.php?rest_route=\/wp\/v2\/pages\/18\/revisions\/5952"}],"wp:attachment":[{"href":"https:\/\/s-cubic.com\/index.php?rest_route=%2Fwp%2Fv2%2Fmedia&parent=18"}],"curies":[{"name":"wp","href":"https:\/\/api.w.org\/{rel}","templated":true}]}}