{"id":136,"date":"2021-05-28T13:09:48","date_gmt":"2021-05-28T13:09:48","guid":{"rendered":"https:\/\/s-cubic.com\/?page_id=136"},"modified":"2021-05-28T14:47:23","modified_gmt":"2021-05-28T14:47:23","slug":"dienstleistungen","status":"publish","type":"page","link":"https:\/\/s-cubic.com\/?page_id=136","title":{"rendered":"Dienstleistungen"},"content":{"rendered":"\n<h2 class=\"has-text-align-center wp-block-heading\">Dienstleistungen<\/h2>\n\n\n\n<div class=\"wp-block-image\"><figure class=\"aligncenter size-large\"><img loading=\"lazy\" decoding=\"async\" width=\"257\" height=\"233\" src=\"https:\/\/s-cubic.com\/wp-content\/uploads\/2021\/05\/Dienstleistung.png\" alt=\"\" class=\"wp-image-126\"\/><\/figure><\/div>\n\n\n\n<h4 class=\"wp-block-heading\">Berechnungen von Roboter Programmen (Base oder Tool ersetzen, Achswinkel neu berechnen usw.)<\/h4>\n\n\n\n<p>Mit unseren eigens entwickelten Applikationen k\u00f6nnen wir schnell und sicher Roboter Programme neu berechnen.<br>Dies wird z.B. eingesetzt, wenn ein Programmierfehler, wie falsches Tool oder Base programmiert worden ist.<br>Mit unserern Applikationen k\u00f6nnen auch Positionen mit Achswinkel in Kartesische Positionen und umgekehrt gewandelt werden. Dies ist sehr hilfreich, wenn z.B. ein \u00e4lterer Roboter durch einen neuen ersetzt werden soll.<br> <\/p>\n\n\n\n<h4 class=\"wp-block-heading\"> \u00dcberpr\u00fcfung der Erreichbarkeit von Roboter Programmen<\/h4>\n\n\n\n<p>Mit unserer 3D Simulation k\u00f6nnen komplette Roboter Programme abgefahren werden und die Erreichbarkeit \u00fcberpf\u00fcft werden.<\/p>\n\n\n\n<h4 class=\"wp-block-heading\">\u00dcberpr\u00fcfung und Optimierung der Sicherheitskonfiguration der Marken KUKA\u00a9 und ABB\u00a9<\/h4>\n\n\n\n<p>Mit der 3D Simulationssoftware k\u00f6nnen wir anhand der CAD Daten \u00fcberpr\u00fcfen, ob die Sicherheits Konfiguration korrekt erstellt worden ist. Durch den Ablauf der Roboter Programme wird die Sicherheits Konfiguration \u00fcberpr\u00fcft und die minimalen Abst\u00e4nde zu den Sicherheitszonen ermittelt. Dies ist sehr hilfreich um Sicherheits Konfigurationen zu \u00fcberpr\u00fcfen und zu optimieren. <\/p>\n\n\n\n<h4 class=\"wp-block-heading\">Erstellen von individual Software<\/h4>\n\n\n\n<p>Wir erstellen zus\u00e4tzlich kleine bis mittlere Applikationen auf Kundenwunsch.<br>Wir sind spezialisiert auf Roboter bezogene Anwendungen, aber auch Datenbank und andere Applikationen erstellen wir gerne f\u00fcr Sie. <\/p>\n","protected":false},"excerpt":{"rendered":"<p>Dienstleistungen Berechnungen von Roboter Programmen (Base oder Tool ersetzen, Achswinkel neu berechnen usw.) Mit unseren eigens entwickelten Applikationen k\u00f6nnen wir schnell und sicher Roboter Programme neu berechnen.Dies wird z.B. eingesetzt, wenn ein Programmierfehler, wie falsches Tool oder Base programmiert worden ist.Mit unserern Applikationen k\u00f6nnen auch Positionen mit Achswinkel in Kartesische Positionen und umgekehrt gewandelt werden.<br \/><a class=\"btn btn-theme post-btn\" href=\"https:\/\/s-cubic.com\/?page_id=136\">Weiterlesen<\/a><\/p>\n","protected":false},"author":1,"featured_media":0,"parent":0,"menu_order":0,"comment_status":"closed","ping_status":"closed","template":"","meta":{"footnotes":""},"class_list":["post-136","page","type-page","status-publish","hentry"],"_links":{"self":[{"href":"https:\/\/s-cubic.com\/index.php?rest_route=\/wp\/v2\/pages\/136","targetHints":{"allow":["GET"]}}],"collection":[{"href":"https:\/\/s-cubic.com\/index.php?rest_route=\/wp\/v2\/pages"}],"about":[{"href":"https:\/\/s-cubic.com\/index.php?rest_route=\/wp\/v2\/types\/page"}],"author":[{"embeddable":true,"href":"https:\/\/s-cubic.com\/index.php?rest_route=\/wp\/v2\/users\/1"}],"replies":[{"embeddable":true,"href":"https:\/\/s-cubic.com\/index.php?rest_route=%2Fwp%2Fv2%2Fcomments&post=136"}],"version-history":[{"count":2,"href":"https:\/\/s-cubic.com\/index.php?rest_route=\/wp\/v2\/pages\/136\/revisions"}],"predecessor-version":[{"id":139,"href":"https:\/\/s-cubic.com\/index.php?rest_route=\/wp\/v2\/pages\/136\/revisions\/139"}],"wp:attachment":[{"href":"https:\/\/s-cubic.com\/index.php?rest_route=%2Fwp%2Fv2%2Fmedia&parent=136"}],"curies":[{"name":"wp","href":"https:\/\/api.w.org\/{rel}","templated":true}]}}