{"id":113,"date":"2021-05-28T12:06:31","date_gmt":"2021-05-28T12:06:31","guid":{"rendered":"https:\/\/s-cubic.com\/?page_id=113"},"modified":"2021-05-28T13:06:47","modified_gmt":"2021-05-28T13:06:47","slug":"roboter-programmierung","status":"publish","type":"page","link":"https:\/\/s-cubic.com\/?page_id=113","title":{"rendered":"Roboter Programmierung"},"content":{"rendered":"\n<h2 class=\"has-text-align-center wp-block-heading\">Roboter Programmierung<\/h2>\n\n\n\n<div class=\"wp-block-image\"><figure class=\"aligncenter size-large\"><img loading=\"lazy\" decoding=\"async\" width=\"233\" height=\"228\" src=\"https:\/\/s-cubic.com\/wp-content\/uploads\/2021\/05\/RobotProg.png\" alt=\"\" class=\"wp-image-133\"\/><\/figure><\/div>\n\n\n\n<h4 class=\"wp-block-heading\">Onlineprogrammierung:<\/h4>\n\n\n\n<p>Ob Handling, Punktschweissen, Schutzgasschweissen, Palletieren, Kleben, Lasern oder Vermessen,  unser Team von erfahrenen Programmierern l\u00f6sen ihre Anwendungsprobleme f\u00fcr alle g\u00e4ngigen Robotersteuerungen.<br>Unsere Divise im Bereich der Onlineprogrammierung lautet:<br>Geht nicht gibts nicht!<\/p>\n\n\n\n<h4 class=\"wp-block-heading\">Taktzeit- und Applikationsoptimierung:<\/h4>\n\n\n\n<p>Trotz Offline-Programmierung stellen wir auf unseren Projekten immer wieder fest, da\u00df die vorgegebenen Taktzeiten nicht erreicht werden.<br>In diesem Fall k\u00f6nnen wir auf unsere jahrelanger Erfahrung zur\u00fcck greifen und die meisten Taktzeitprobleme l\u00f6sen. Die Erfahrung, vor allem  mit alten Robotersystemen helfen dabei die ideallen Pfade der Roboter zu programmieren.<br>Im Bereich der Applikationsoptimierung stellen wir immer wieder fest, da\u00df in der Applikationssoftware wichtige Sekunden versteckt sind. Diese werden durch unser Team aus Softwareprogrammierern beseitigt.<\/p>\n\n\n\n<h4 class=\"wp-block-heading\">Standardprogrammierung:<\/h4>\n\n\n\n<p>Um die Instandhaltungskosten minimal zu halten, sollten alle Roboterprogramme nach einen Standard programmiert werden.<br>Wir erstellen in enger Zusammenarbeit mit unseren Kunden den idealen Roboterstandard. <\/p>\n\n\n\n<h4 class=\"wp-block-heading\">Applikationssoftware und Schnittstellen:<\/h4>\n\n\n\n<p>Sie habe eine Applikation, die sie an einen Roboter verbinden m\u00f6chten. Wir programmieren f\u00fcr sie die Applikationssoftware und die Schnittstellen.<br>Durch variable Parametrierung (teilweise auch grafisch) ist diese Software auch bei Umstellung des Systems leicht zu verwenden. <\/p>\n","protected":false},"excerpt":{"rendered":"<p>Roboter Programmierung Onlineprogrammierung: Ob Handling, Punktschweissen, Schutzgasschweissen, Palletieren, Kleben, Lasern oder Vermessen, unser Team von erfahrenen Programmierern l\u00f6sen ihre Anwendungsprobleme f\u00fcr alle g\u00e4ngigen Robotersteuerungen.Unsere Divise im Bereich der Onlineprogrammierung lautet:Geht nicht gibts nicht! Taktzeit- und Applikationsoptimierung: Trotz Offline-Programmierung stellen wir auf unseren Projekten immer wieder fest, da\u00df die vorgegebenen Taktzeiten nicht erreicht werden.In diesem Fall<br \/><a class=\"btn btn-theme post-btn\" href=\"https:\/\/s-cubic.com\/?page_id=113\">Weiterlesen<\/a><\/p>\n","protected":false},"author":1,"featured_media":0,"parent":0,"menu_order":0,"comment_status":"closed","ping_status":"closed","template":"","meta":{"footnotes":""},"class_list":["post-113","page","type-page","status-publish","hentry"],"_links":{"self":[{"href":"https:\/\/s-cubic.com\/index.php?rest_route=\/wp\/v2\/pages\/113","targetHints":{"allow":["GET"]}}],"collection":[{"href":"https:\/\/s-cubic.com\/index.php?rest_route=\/wp\/v2\/pages"}],"about":[{"href":"https:\/\/s-cubic.com\/index.php?rest_route=\/wp\/v2\/types\/page"}],"author":[{"embeddable":true,"href":"https:\/\/s-cubic.com\/index.php?rest_route=\/wp\/v2\/users\/1"}],"replies":[{"embeddable":true,"href":"https:\/\/s-cubic.com\/index.php?rest_route=%2Fwp%2Fv2%2Fcomments&post=113"}],"version-history":[{"count":3,"href":"https:\/\/s-cubic.com\/index.php?rest_route=\/wp\/v2\/pages\/113\/revisions"}],"predecessor-version":[{"id":135,"href":"https:\/\/s-cubic.com\/index.php?rest_route=\/wp\/v2\/pages\/113\/revisions\/135"}],"wp:attachment":[{"href":"https:\/\/s-cubic.com\/index.php?rest_route=%2Fwp%2Fv2%2Fmedia&parent=113"}],"curies":[{"name":"wp","href":"https:\/\/api.w.org\/{rel}","templated":true}]}}